{"id":1607,"date":"2011-05-17T16:04:27","date_gmt":"2011-05-17T14:04:27","guid":{"rendered":"http:\/\/www.webspreso.com\/f-a-q\/"},"modified":"2015-01-19T18:45:39","modified_gmt":"2015-01-19T16:45:39","slug":"f-a-q-web-marketing-online","status":"publish","type":"page","link":"https:\/\/www.webspreso.com\/en\/f-a-q-web-marketing-online\/","title":{"rendered":"F.A.Q."},"content":{"rendered":"<div class=\"box_inner_shadow\">\n<h2>FAQs (in spanish):<\/h2>\n<div id=\"expfaq\">Expand<\/div>\n<p>[faq]<br \/>\n[faq_question]\u00bfHac\u00e9is algo m\u00e1s que webs?[\/faq_question]<br \/>\n[faq_answer]S\u00ed.  Durante los \u00faltimos a\u00f1os, nuestros clientes han ido demandando nuevos servicios para mantener su presencia en internet.  La evoluci\u00f3n del mercado nos lleva a estar en permanente investigaci\u00f3n y as\u00ed te podemos ofrecer todos los servcicios necesarios para una estrategia eficaz en la web: consultor\u00eda de negocio y auditor\u00eda web, desarrollos a medida, dise\u00f1o gr\u00e1fico y optimizaci\u00f3n de la experiencia de usuario, retoque fotogr\u00e1fico, producci\u00f3n y edici\u00f3n multimedia, marketing en internet (anuncios, presencia en redes sociales, creatividad, buscadores y webs verticales). [\/faq_answer]<br \/>\n[faq_question]\u00bfCu\u00e1nto tiempo tardar\u00e9 en tener la web operativa?[\/faq_question]<br \/>\n[faq_answer]Normalmente, el plazo para tener una web b\u00e1sica (entre 5 y 10 p\u00e1ginas de contenido) es de 2 <strong>semanas<\/strong> desde que tengamos todo el contenido (textos y fotos) preparado.  El plazo es de 3 semanas para webs m\u00e1s complejas (con apartado de noticias o blog; galer\u00edas de fotos o videos privilegios de acceso, foro&#8230;.) y 4 semanas para una tienda online.[\/faq_answer]<br \/>\n[faq_question]\u00bfCu\u00e1l es el proceso para el desarrollo de la web?[\/faq_question]<br \/>\n[faq_answer]Lo primero es hablar para<strong> entender tu negocio<\/strong> y tus necesidades y recursos. Tras ello, podemos cerrar un presupuesto personalizado y ofrecerte los servicios que te hacen falta y que te permitan no s\u00f3lo operar al corto plazo sino escalar tu proyecto en el futuro.  Y as\u00ed nos ponemos manos a la obra y podr\u00e1s ir siguiendo el proceso para ir validando el proyecto conforme se va desarrollando.[\/faq_answer]<br \/>\n[faq_question]\u00bfQu\u00e9 cuesta una web?[\/faq_question]<br \/>\n[faq_answer]El precio de las web se establece en funci\u00f3n del trabajo a realizar. Te hemos preparado un simulador de precios para que puedas hacerte una idea de lo que puede salir. Si necesitas fraccionar el pago de tu web, no hay problema en pagar a plazos.[\/faq_answer]<br \/>\n[faq_question]\u00bfQu\u00e9 tipo de soporte ofrec\u00e9is?[\/faq_question]<br \/>\n[faq_answer]El que necesites para que tu web se mantenga operativa. Si has visto nuestros servcicios, no solemos ofrecer servicios de mantenimiento mediante el cobro de una cuota fija, sino que preferimos que nos llam\u00e9is cuando haya alguna necesidad o urgencia concreta y facturamos solamente por las horas de servicio que haya que realizar para responder a esa situaci\u00f3n.[\/faq_answer]<br \/>\n[faq_question]Mi web no se ve \u00bfqu\u00e9 ha pasado?[\/faq_question]<br \/>\n[faq_answer]Hay muchas razones por las que una web puede dejar de verse: problemas con el servidor, corrupci\u00f3n de la base de datos, borrado o modificaci\u00f3n de alg\u00fan fichero&#8230;  <a href=\"http:\/\/www.webspreso.com\/en\/contact-web-design-professionals\/\">Ll\u00e1manos<\/a> y vemos el tipo de error que da tu web.[\/faq_answer]<br \/>\n[faq_question]Nos hemos cargado la web cambiando algo \u00bfqu\u00e9 hacemos?[\/faq_question]<br \/>\n[faq_answer]Puede haber errores en la web por el borrado accidental de alg\u00fan contenido o cambios en la configuraci\u00f3n del hosting, entre otras cosas.  Nosotros guardamos copia de la web tal como os la entregamos.  Si tienes un servicio de back-up como te indicamos en las instrucciones de uso, lo podemos restaurar y volver a tener tu web operativa. <a href=\"http:\/\/www.webspreso.com\/en\/contact-web-design-professionals\/\">Ll\u00e1manos<\/a> y vemos c\u00f3mo solucionarlo.[\/faq_answer]<br \/>\n[\/faq]\n      <\/div>\n","protected":false},"excerpt":{"rendered":"<p>FAQs (in spanish): Expand [faq] [faq_question]\u00bfHac\u00e9is algo m\u00e1s que webs?[\/faq_question] [faq_answer]S\u00ed. Durante los \u00faltimos a\u00f1os, nuestros clientes han ido demandando nuevos servicios para mantener su presencia en internet. La evoluci\u00f3n del mercado nos lleva a estar en permanente investigaci\u00f3n y as\u00ed te podemos ofrecer todos los servcicios necesarios para una estrategia eficaz en la web: &hellip; <\/p>\n<p class=\"link-more\"><a href=\"https:\/\/www.webspreso.com\/en\/f-a-q-web-marketing-online\/\" class=\"more-link\">Continue reading<span class=\"screen-reader-text\"> &#8220;F.A.Q.&#8221;<\/span><\/a><\/p>\n","protected":false},"author":3,"featured_media":0,"parent":0,"menu_order":0,"comment_status":"closed","ping_status":"closed","template":"","meta":{"footnotes":""},"class_list":["post-1607","page","type-page","status-publish","hentry"],"yoast_head":"<!-- This site is optimized with the Yoast SEO plugin v26.2 - https:\/\/yoast.com\/wordpress\/plugins\/seo\/ -->\n<title>FAQ Web design and development<\/title>\n<meta name=\"description\" content=\"FAQs (in spanish): Expand \u00bfHac\u00e9is algo m\u00e1s que webs? S\u00ed. Durante los \u00faltimos a\u00f1os, nuestros clientes han ido demandando nuevos servicios para mantener su\" \/>\n<meta name=\"robots\" content=\"index, follow, max-snippet:-1, max-image-preview:large, max-video-preview:-1\" \/>\n<link rel=\"canonical\" href=\"https:\/\/www.webspreso.com\/en\/f-a-q-web-marketing-online\/\" \/>\n<meta name=\"twitter:card\" content=\"summary_large_image\" \/>\n<meta name=\"twitter:title\" content=\"FAQ Web design and development\" \/>\n<meta name=\"twitter:description\" content=\"FAQs (in spanish): Expand \u00bfHac\u00e9is algo m\u00e1s que webs? S\u00ed. Durante los \u00faltimos a\u00f1os, nuestros clientes han ido demandando nuevos servicios para mantener su\" \/>\n<meta name=\"twitter:site\" content=\"@vidactio\" \/>\n<meta name=\"twitter:label1\" content=\"Est. reading time\" \/>\n\t<meta name=\"twitter:data1\" content=\"3 minutes\" \/>\n<script type=\"application\/ld+json\" class=\"yoast-schema-graph\">{\"@context\":\"https:\/\/schema.org\",\"@graph\":[{\"@type\":\"WebPage\",\"@id\":\"https:\/\/www.webspreso.com\/en\/f-a-q-web-marketing-online\/\",\"url\":\"https:\/\/www.webspreso.com\/en\/f-a-q-web-marketing-online\/\",\"name\":\"FAQ Web design and development\",\"isPartOf\":{\"@id\":\"https:\/\/www.webspreso.com\/en\/#website\"},\"datePublished\":\"2011-05-17T14:04:27+00:00\",\"dateModified\":\"2015-01-19T16:45:39+00:00\",\"description\":\"FAQs (in spanish): Expand \u00bfHac\u00e9is algo m\u00e1s que webs? S\u00ed. Durante los \u00faltimos a\u00f1os, nuestros clientes han ido demandando nuevos servicios para mantener su\",\"breadcrumb\":{\"@id\":\"https:\/\/www.webspreso.com\/en\/f-a-q-web-marketing-online\/#breadcrumb\"},\"inLanguage\":\"en-US\",\"potentialAction\":[{\"@type\":\"ReadAction\",\"target\":[\"https:\/\/www.webspreso.com\/en\/f-a-q-web-marketing-online\/\"]}]},{\"@type\":\"BreadcrumbList\",\"@id\":\"https:\/\/www.webspreso.com\/en\/f-a-q-web-marketing-online\/#breadcrumb\",\"itemListElement\":[{\"@type\":\"ListItem\",\"position\":1,\"name\":\"Portada\",\"item\":\"https:\/\/www.webspreso.com\/en\/web-design-and-development\/\"},{\"@type\":\"ListItem\",\"position\":2,\"name\":\"F.A.Q.\"}]},{\"@type\":\"WebSite\",\"@id\":\"https:\/\/www.webspreso.com\/en\/#website\",\"url\":\"https:\/\/www.webspreso.com\/en\/\",\"name\":\"WebSpreso\",\"description\":\"Dise\u00f1o Web, Programaci\u00f3n y Marketing en Internet | Desde Bilbao para todo el mundo\",\"publisher\":{\"@id\":\"https:\/\/www.webspreso.com\/en\/#organization\"},\"potentialAction\":[{\"@type\":\"SearchAction\",\"target\":{\"@type\":\"EntryPoint\",\"urlTemplate\":\"https:\/\/www.webspreso.com\/en\/?s={search_term_string}\"},\"query-input\":{\"@type\":\"PropertyValueSpecification\",\"valueRequired\":true,\"valueName\":\"search_term_string\"}}],\"inLanguage\":\"en-US\"},{\"@type\":\"Organization\",\"@id\":\"https:\/\/www.webspreso.com\/en\/#organization\",\"name\":\"Web Audiovisual Interactiva, S.L.\",\"url\":\"https:\/\/www.webspreso.com\/en\/\",\"logo\":{\"@type\":\"ImageObject\",\"inLanguage\":\"en-US\",\"@id\":\"https:\/\/www.webspreso.com\/en\/#\/schema\/logo\/image\/\",\"url\":\"https:\/\/www.webspreso.com\/wp-content\/uploads\/2020\/06\/webspreso1.png\",\"contentUrl\":\"https:\/\/www.webspreso.com\/wp-content\/uploads\/2020\/06\/webspreso1.png\",\"width\":260,\"height\":62,\"caption\":\"Web Audiovisual Interactiva, S.L.\"},\"image\":{\"@id\":\"https:\/\/www.webspreso.com\/en\/#\/schema\/logo\/image\/\"},\"sameAs\":[\"https:\/\/x.com\/vidactio\"]}]}<\/script>\n<!-- \/ Yoast SEO plugin. -->","yoast_head_json":{"title":"FAQ Web design and development","description":"FAQs (in spanish): Expand \u00bfHac\u00e9is algo m\u00e1s que webs? S\u00ed. Durante los \u00faltimos a\u00f1os, nuestros clientes han ido demandando nuevos servicios para mantener su","robots":{"index":"index","follow":"follow","max-snippet":"max-snippet:-1","max-image-preview":"max-image-preview:large","max-video-preview":"max-video-preview:-1"},"canonical":"https:\/\/www.webspreso.com\/en\/f-a-q-web-marketing-online\/","twitter_card":"summary_large_image","twitter_title":"FAQ Web design and development","twitter_description":"FAQs (in spanish): Expand \u00bfHac\u00e9is algo m\u00e1s que webs? S\u00ed. Durante los \u00faltimos a\u00f1os, nuestros clientes han ido demandando nuevos servicios para mantener su","twitter_site":"@vidactio","twitter_misc":{"Est. reading time":"3 minutes"},"schema":{"@context":"https:\/\/schema.org","@graph":[{"@type":"WebPage","@id":"https:\/\/www.webspreso.com\/en\/f-a-q-web-marketing-online\/","url":"https:\/\/www.webspreso.com\/en\/f-a-q-web-marketing-online\/","name":"FAQ Web design and development","isPartOf":{"@id":"https:\/\/www.webspreso.com\/en\/#website"},"datePublished":"2011-05-17T14:04:27+00:00","dateModified":"2015-01-19T16:45:39+00:00","description":"FAQs (in spanish): Expand \u00bfHac\u00e9is algo m\u00e1s que webs? S\u00ed. Durante los \u00faltimos a\u00f1os, nuestros clientes han ido demandando nuevos servicios para mantener su","breadcrumb":{"@id":"https:\/\/www.webspreso.com\/en\/f-a-q-web-marketing-online\/#breadcrumb"},"inLanguage":"en-US","potentialAction":[{"@type":"ReadAction","target":["https:\/\/www.webspreso.com\/en\/f-a-q-web-marketing-online\/"]}]},{"@type":"BreadcrumbList","@id":"https:\/\/www.webspreso.com\/en\/f-a-q-web-marketing-online\/#breadcrumb","itemListElement":[{"@type":"ListItem","position":1,"name":"Portada","item":"https:\/\/www.webspreso.com\/en\/web-design-and-development\/"},{"@type":"ListItem","position":2,"name":"F.A.Q."}]},{"@type":"WebSite","@id":"https:\/\/www.webspreso.com\/en\/#website","url":"https:\/\/www.webspreso.com\/en\/","name":"WebSpreso","description":"Dise\u00f1o Web, Programaci\u00f3n y Marketing en Internet | Desde Bilbao para todo el mundo","publisher":{"@id":"https:\/\/www.webspreso.com\/en\/#organization"},"potentialAction":[{"@type":"SearchAction","target":{"@type":"EntryPoint","urlTemplate":"https:\/\/www.webspreso.com\/en\/?s={search_term_string}"},"query-input":{"@type":"PropertyValueSpecification","valueRequired":true,"valueName":"search_term_string"}}],"inLanguage":"en-US"},{"@type":"Organization","@id":"https:\/\/www.webspreso.com\/en\/#organization","name":"Web Audiovisual Interactiva, S.L.","url":"https:\/\/www.webspreso.com\/en\/","logo":{"@type":"ImageObject","inLanguage":"en-US","@id":"https:\/\/www.webspreso.com\/en\/#\/schema\/logo\/image\/","url":"https:\/\/www.webspreso.com\/wp-content\/uploads\/2020\/06\/webspreso1.png","contentUrl":"https:\/\/www.webspreso.com\/wp-content\/uploads\/2020\/06\/webspreso1.png","width":260,"height":62,"caption":"Web Audiovisual Interactiva, S.L."},"image":{"@id":"https:\/\/www.webspreso.com\/en\/#\/schema\/logo\/image\/"},"sameAs":["https:\/\/x.com\/vidactio"]}]}},"_links":{"self":[{"href":"https:\/\/www.webspreso.com\/en\/wp-json\/wp\/v2\/pages\/1607","targetHints":{"allow":["GET"]}}],"collection":[{"href":"https:\/\/www.webspreso.com\/en\/wp-json\/wp\/v2\/pages"}],"about":[{"href":"https:\/\/www.webspreso.com\/en\/wp-json\/wp\/v2\/types\/page"}],"author":[{"embeddable":true,"href":"https:\/\/www.webspreso.com\/en\/wp-json\/wp\/v2\/users\/3"}],"replies":[{"embeddable":true,"href":"https:\/\/www.webspreso.com\/en\/wp-json\/wp\/v2\/comments?post=1607"}],"version-history":[{"count":1,"href":"https:\/\/www.webspreso.com\/en\/wp-json\/wp\/v2\/pages\/1607\/revisions"}],"predecessor-version":[{"id":1639,"href":"https:\/\/www.webspreso.com\/en\/wp-json\/wp\/v2\/pages\/1607\/revisions\/1639"}],"wp:attachment":[{"href":"https:\/\/www.webspreso.com\/en\/wp-json\/wp\/v2\/media?parent=1607"}],"curies":[{"name":"wp","href":"https:\/\/api.w.org\/{rel}","templated":true}]}}